{"id":634,"date":"2012-12-02T21:56:46","date_gmt":"2012-12-02T20:56:46","guid":{"rendered":"http:\/\/glasba-zate.eu\/?page_id=634"},"modified":"2023-08-07T16:28:30","modified_gmt":"2023-08-07T14:28:30","slug":"etnotok-ustvarjalna-komorna-skupina","status":"publish","type":"page","link":"https:\/\/glasba-zate.eu\/?page_id=634","title":{"rendered":"6 let USTVARJALNE SKUPINE ETNOTOK"},"content":{"rendered":"<p>Etnotok &#8211;\u00a0<strong><em>Ustvarjalna skupina G\u0160 Izola<\/em><\/strong><\/p>\n<p>&nbsp;<\/p>\n<p><em>V \u0161olskem letu 11\/12 se je oblikovala Ustvarjalna skupina Etnotok (US Etnotok), ki je nato delovala do leta 2017 in izvajala prete\u017eno ljudsko glasbo raznih narodov. Priredb, ki bi bile pisane na ko\u017eo \u010dlanom novo oblikovane skupine, ni bilo in zato sem se z veseljem lotila tega zabavnega dela z mislijo na mo\u017enosti slehernega \u010dlana in barve skupnega muziciranja, ter povezala prakti\u010dno, prepleteno z idejami Etnotokovcev in koristno. V prvi sestavi Etnotoka so igrali: Sara Ben\u010di\u010d, Mark Jakomin in Amar Sikiri\u0107-harmonike (M-Gvozdenac), Ana Birsa Kru\u0161ec-kljunasta flavta (D.Kiti\u0107), Eris \u0160ker-violina (S.Horvat), Tadej \u010casar, Maj Felluga in Gregor Grbec-kitare (B.Kuret). Na velikem odru KD Izola so junija 2012 na zaklju\u010dnem koncertu G\u0160 Izola navdu\u0161ili \u0161tevilno publiko. Med drugimi so zaigrali makedonsko ljudsko pesem Ivanica, ki je postala lokalni hit, saj ima \u010dez 1000 ogledov na youtubu. Prisluhnite ji tudi vi!<\/em><\/p>\n<p><em>Po<\/em>snetek <a href=\"https:\/\/youtu.be\/_152-IUY8MM\" target=\"_blank\" rel=\"noopener\">prvega nastopa<\/a>:<\/p>\n<p>#<\/p>\n<p>V \u0161olskem letu <strong>12\/13<\/strong> so v <strong>US Etnotok<\/strong> igrali <strong><em>Sara Ben\u010di\u010d, Mark Jakomin<\/em><\/strong><em>-harmoniki,<strong> Ana Birsa Kru\u0161ec<\/strong>-kljunasta flavta, <strong>Eris \u0160ker<\/strong>-violina,<strong>Tadej \u010casar <\/strong>in <strong>Maj Felluga<\/strong>-kitari.<\/em><\/p>\n<p>Nastopi US Etnotok: 25.11.12 na samostojnem nastopu Amara Sikiri\u0107a ob koncu 5. razreda, 03.12.12 v dvorani Pokrajinskega muzeja v Kopru, 7.12.12 na Dobrodelnem koncertu za tri sestrice v KD Hrvatini, na Prednovoletnem partiju 11.12.12, v G\u0160 Izola 15.01.13, \u010dlani so nastopili v projektni pustni skupini 12.02.13 na pustnem nastopu v Dvorani G\u0160 Izola (Aljo\u0161a, Timi, Sara, Mark, Amar, Eldin, Vid), 22.03.13 na Pozdravu pomladi v Zadru\u017enem domu Korte, 26.3.13 in 11. 4.13 na Predtekmovalnem nastopu tekmovalcev v G\u0160 Izola in v Tartinijevi hi\u0161i v Piranu. 13.4.13 so se Etnotokovci udele\u017eili Regijskega tekmovanja u\u010dencev harmonike v Kopru in si v kategoriji komorne skupine-starej\u0161i priigrali <em>zlato<\/em>. Na Mednarodnem tekmovanju v PULI 25.4.13 so vsi solisti \u010dlani Etnotoka in US Etnotok dobili srebrno plaketo. Po tekmovanju so nastopili 24.5.13 in na Zaklju\u010dnem nastopu v Manziolijevi pala\u010di 28.5.13. Sledil je \u0161e nastop na Oljkarskem prazniku v Parku Pietro Coppo 01.06.13 in Mednarodno tekmovanje \u00bbToma\u017e Holmar\u00ab v Naborjetu\/Malborghetto (Italija) 02\/06\/13, kjer si je US Etnotok priigrala srebro.<\/p>\n<p>Tekmovalni program: Sefardska\/prir. Mirjana Gvozdenac: Lied\/Pesem, Mad\u017earska\/prir. Mirjana Gvozdenac. Ugros, A.Nikolic\/prir. Mirjana Gvozdenac: Balkango.<\/p>\n<p><img loading=\"lazy\" decoding=\"async\" class=\"alignleft size-thumbnail wp-image-1965\" src=\"https:\/\/glasba-zate.eu\/wp-content\/uploads\/2017\/05\/cropped-DSC_0204-150x150.jpg\" alt=\"\" width=\"150\" height=\"150\" \/><\/p>\n<p>&nbsp;<\/p>\n<p>&nbsp;<\/p>\n<p>&nbsp;<\/p>\n<p>#<\/p>\n<p><strong>US Etnotok<\/strong><strong> 13\/14<\/strong><\/p>\n<p><strong><em>Ana Birsa Kru\u0161ec<\/em><\/strong><em>&#8211; kljunasta flavta,<strong> Sara Ben\u010di\u010d <\/strong>in <strong>Mark Jakomin<\/strong>&#8211; harmoniki,<strong> Ma\u0161a Stopar <\/strong>in <strong>Nika Ga\u010dnik<\/strong>-violini in <strong>Klemen Jug<\/strong>-cajon.<\/em><\/p>\n<p>Iz koncertnega lista: \u00bb\u010clani US Etnotok na vajah i\u0161\u010dejo in izbirajo najzanimivej\u0161e kombinacije barv svojih glasbil, se u\u010dijo improvizacije in se pri tem izjemno zabavajo. US Etnotok izvaja ljudsko glasbo in je s svojo sve\u017eino, mladostno zagnanostjo in humorjem doslej osvojil srca vseh poslu\u0161alcev. US Etnotok ima pripravljen 40 minutni program. Nika Ga\u010dnik je napisala eno skladbico in je izjemno nadarjena. Skupino lahko povabite na samostojen koncert.\u00ab<\/p>\n<p>Nastopi: 10.12.13 Hotel Delfin: samostojni nastop (45 minut), 04.03.14 Tartinijevo gledali\u0161\u010de: Pustni nastop, 5.3.14 Besenghijeva dvorana: Pustni nastop, 08.03.14 Osnovna \u0161ola Korte: predstavitev knjige Nade Morato, 11.3.14 Sre\u010danje KIP, 21.03.14 Korte, Zadru\u017eni dom: Pozdrav pomladi, samostojni nastop, 12.04.14 Biennale Koper, mednarodni festival sodobne glasbe, izvedba skladbe Demetriusa Spineasa: After Calder, 10.05.14 samostojni koncert (45 min) v Izoli na Ljubljanski ulici- Dobrodelni koncert za Reneja (izkupi\u010dek 900 \u20ac), 16.05.14 Zaklju\u010dni koncert US Etnotok z gosti, 19.06.14 Kavarna Lucija, samostojni koncert.<\/p>\n<p>Spored zaklju\u010dnega koncerta: Estonska: Pri Pahlenovih, Ruski val\u010dek, Stara ruska pesem: Pobegla nevesta, Makedonska: Ivanica, Izraelska: Veselje v delu, Sefardska: Pesem, Izraelska: Hine ma tov, Ciganska: Cere Bogar, Romunska: Jianna, Ciganska: Cigan\u010dica. Vse skladbe sem za US Etnotok priredila njihova mentorica.<\/p>\n<p>Iz sporeda 13\/14: biografije Etnotokovcev<\/p>\n<p><strong><em>Ana<\/em><\/strong><em> \u017ee ima zlati violinski klju\u010d in se s flavto vozi na u\u010dne ure v Ljubljano. Ne vozi se samo na vaje, ampak tudi \u0161toparje pobirat&#8230; Morda pobere kak\u0161nega korepetitorja, ki ga bo obdr\u017eala zase. V prostem \u010dasu je ves \u010das za knjigami in v zvezkih. Kaj \u0161e? Najraj\u0161i bi bila zunaj s prijatelji, pa se mora piflat. V Etnotoku je od samega za\u010detka. Brez njene flavte in alt flavte ne bi bilo te posebne barve, zaradi katere vsi zaigrajo ti\u0161e&#8230;<\/em><em>\u00a0<\/em><\/p>\n<p><em>Tudi <strong>Sara<\/strong> je v Etnotoku od za\u010detka. Zelo rada igra v registru piccolo (4) ali pa v zelo nizkem fagotu (16). Ima rada ekstreme, ja, tak\u0161na je. Najraje vadi, ko si zvije gle\u017eenj, ker takrat ne more tekati naokoli. Potrpe\u017eljivo prena\u0161a Klemnove in Markove \u0161ale, ampak to ji ne prepre\u010duje, da ustvari najlep\u0161i ton. Ja, Sara ima najlep\u0161i ton dale\u010d naokoli. In lahko igra ppp. Ob tem \u0161e balina in pretrkuje. Ampak ne so\u010dasno.<\/em><em>\u00a0<\/em><\/p>\n<p><strong><em>Nika<\/em><\/strong><em> se je pridru\u017eila Etnotoku januarja, ampak z vsem srcem in v polno. Nekega dne je pri\u0161la, na\u0161la svoje mesto in brez nje ne gre ve\u010d. Rada se znajde, ker je iznajdljiva. Rada igra nove skladbe, ker rada preizku\u0161a svoje meje. Njeni tril\u010dki so na pravih mestih. Pride s pi\u0161kotki in kruhki in nahrani vse ostale. Tudi njen nasmeh je neka vrsta \u010dudovite hrane. Druga\u010de pa je zmagala na vseh mo\u017enih tekmovanjih in \u0161e ve\u010d jih bo.<\/em><em>\u00a0<\/em><\/p>\n<p><strong><em>Ma\u0161a<\/em><\/strong><em>, skrivnostna Ma\u0161a, s tonom, toplim kot vro\u010da \u010dokolada sije in z njenimi soli srce Etnotoka druga\u010de bije. Ma\u0161a je zmagovalka mnogih tekmovanj, debela bukla se \u017ee pi\u0161e o njih. Ma\u0161a in Nika sta uvedli nove barve. Veseli smo prav vseh njunih barv, vrtenja, zgodbic, son\u010dnic in smeha.<\/em><em>\u00a0<\/em><\/p>\n<p><strong><em>Mark<\/em><\/strong><em> je \u017ee &#8220;veteran&#8221; Etnotoka in obvlada gledanje med note: vidi eno, igra drugo, misli pa na nogomet. Zna spremljati na vse mo\u017ene na\u010dine. Tu pa tam pa zaigra \u0161e kak\u0161en hitri solo. Najraje se \u0161ali s Saro, ker mu je v\u0161e\u010d, da ona viha nos.<\/em><em>\u00a0<\/em><\/p>\n<p><strong><em>Klemen<\/em><\/strong><em> je Etnotokov vsestranski tolkalec. Igra cajon (beri kahon, pomisli na \u0161katlo), prime za bobne, prikli\u010de de\u017e, morda mu nabavimo \u0161e dve \u017elici in desko za ribanje, to bi bilo prav, ker je deska staro ljudsko glasbilo. Vnuk slavne Nade Morato to \u017ee ve.<\/em><em>\u00a0<\/em><\/p>\n<p><strong><em>Mirjana<\/em><\/strong><em> se zabava v delovnem \u010dasu \u017ee ve\u010d kot dve desetletji. Z mnogimi generacijami bodo\u010dih glasbenikov u\u017eiva v odkrivanju novih smernic, kako naj mladi ljudje hitro premagajo brezdelje in svoj prosti \u010das usmerijo v urjenje, ponavljanje, obvladovanje, vztrajnost, odrsko galantnost, kar jim pospe\u0161i odprtost, izbolj\u0161a samozavest in, prej ali slej, obrodi zrele in sladke glasbene sadove. V enem stavku: ustvarja z vsem okoli sebe.<\/em><\/p>\n<p>Na enem dobrodelnih koncertov v Izoli<\/p>\n<p>#<\/p>\n<p><strong>US Etnotok<\/strong><strong> 14\/15<\/strong><\/p>\n<p><strong><em>Ana Birsa Kru\u0161ec<\/em><\/strong><em>&#8211; kljunasta flavta, <strong>Nika Ga\u010dnik<\/strong> in <strong>Ga\u0161per Kravanja Veljak<\/strong>-violini,<strong>Sara Ben\u010di\u010d<\/strong> in <strong>Mark Jakomin<\/strong>&#8211; harmoniki, <strong>Tadej \u010casar-<\/strong>kitara,<strong> Kaja Li\u010den<\/strong>-klavir, <strong>Klemen Jug<\/strong>-cajon<\/em><\/p>\n<p>\u010clani US Etnotok so tudi v \u0161olskem letu 14\/15 nadaljevali z improvizacijo. Ker to ni ma\u010dji ka\u0161elj, je samo Ana Birsa Kru\u0161ec improvizirala na javnih nastopih v skladbi Alexander&#8217;s Latin, ostali pa v varnem okolju u\u010dilnice.<\/p>\n<p>Nastopi US Etnotok:<br \/>\n16.10.14 je US Etnotok nastopila na 195. obletnici O\u0160 Korte s programom ljudskih pesmi. 14.11.14. Na kongresu logopedov Slovenije je nastopila kot edina glasbena skupina in prejela posebno pisno zahvalo organizatorjev kot pohvalo vseh udele\u017eencev, saj so bili \u00bbnavdu\u0161eni nad mladostnim \u017earom in energi\u010dnim izvajanjem skladb mlade izolske skupine\u00ab. 23.12.14 je na \u0161olskem novoletnem nastopu nastopil projektni ansambel <strong>Zvezda <\/strong>mentoric Mirjane Gvozdenac, Sonje Horvat in Darinke Jug in izvedel irsko skladbo <em>Zvezda<\/em> (Star of Slane) za vibrafon, 6 violin, 4 harmonike in klavir v priredbi M. Gvozdenac. US Etnotok pa je premierno izvedel skladbo <em>Whiter Shade Of Pale\/ Bleda senca <\/em>v priredbi iste mentorice (takrat \u0161e brez udele\u017ebe OPZ). Januarja 2015 je skupina nastopila na predstavitvi knjige <em>O kljun\u010dku, ki je premagal strah in re\u0161il prijatelje<\/em>, v piranski galeriji Hermana Pe\u010dari\u010da s polurnim programom. 10. 03.15 so izolski u\u010denci nastopili v dvorani G\u0160 Izola za svoje mamice in babice, svoje izvedbe pa so posvetili vsem \u017eenskam. Kot gostje so nastopili OPZ G\u0160 Izola, ki ga vodi Kristina Babi\u010d, in ansambel US Etnotok. Skupaj so premierno izvedli skladbo Whiter Shade Of Pale\/Bleda senca skupine Procol Harum v priredbi Mirjane Gvozdenac za US Etnotok in OPZ. Besedilo skladbe so si izmislili pevci OPZ skupaj z Mirjano. Prisr\u010den nastop je razveselil poslu\u0161alstvo. US Etnotok je nastopil \u0161e 01.04.15 na letnem sre\u010danju KIP. 11. 05. 15 je v dvorani sv. Fran\u010di\u0161ka in skupaj z OPZ Izola (Kristina Babi\u010d) \u0161ir\u0161emu ob\u010dinstvu predstavil skladbo <em>Bleda senca<\/em>.<\/p>\n<p>\u0160olsko leto so Etnotokovci zaklju\u010dili s tremi samostojnimi koncerti: 16. 05.15 v dvorani RIIBA v Izoli, 21. 05.15 v Kulturnem domu v Izoli in 26. 05.15 v dvorani G\u0160 Izola, na katerem so nastopili tudi pevci OPZ Izola in skupaj z US Etnotok izvedli omenjeno skladbo iz 60. let <em>Whiter Shade of Pale,<\/em> napisano za OPZ in US Etnotok in Haberlov <em>Alexander&#8217;s Latin<\/em>. Premierno je bila izvedena skladba M.Gvozdenac <em>Tiha, tihcena ljubezen,<\/em> napisana za OPZ in US Etnotok.<\/p>\n<p><strong>US Etnotok<\/strong><strong> 15\/16<\/strong>:<\/p>\n<p><strong><em>Sara Ben\u010di\u010d<\/em><\/strong><em> in <strong>Timotej Korenika<\/strong>-harmonike,<strong> Nika Ga\u010dnik<\/strong> in <strong>Ale\u0161 Sla\u010dek<\/strong>-violine, <strong>Leo Maj Kokol<\/strong>-kitara in <strong>Jakob Burdych<\/strong>-tolkala<\/em><\/p>\n<p>Ustvarjalna skupina Etnotok je v \u0161olskem letu <strong>15\/16<\/strong> precej menjala sestavo in se levila. Glasbene teme so premetavali po vseh glasbilih, iskali pravo barvo in se komaj aprila ustalili. Morda so tudi zaradi tega vsi \u010dlani bili pripravljeni na vse ve\u010d improvizacij, saj nekaj mesecev niso znali, na koga zares lahko ra\u010dunajo. Sara Ben\u010di\u010d, ki igra v US Etnotok od za\u010detka, torej od leta 2011, je na vajah imela poseben ob\u010dutek za vedno nove izmi\u0161ljarije in je na vsakem nastopu zaigrala nekaj povsem novega. Opa\u017eena je bila tudi kot pevka, \u0161e posebej, \u010de kak\u0161no pasa\u017eico ni zaigrala &#8211; kar odpela jo je. Violinist Ale\u0161 je utrdil svoj polo\u017eaj na dosegu sladkarijic in je komaj \u010dakal na pavze v partu, da bi vzdr\u017eeval raven sladkorja v krvi. Tudi sam je rad improviziral, javno pa za enkrat samo soliral. Violinistka <strong>Nika<\/strong> je organizirala svoj prvi pravi dobrodelni koncert, ki ga je poimenovala <strong><em>Son\u010dni koncert za Ines<\/em> <\/strong>in zbrala velik \u0161op dinar\u010dkov za operacijo so\u0161olke. Izdelala je tudi celostno podobo nastopa in imela intervju za \u010dasopis. Na nastopih je prevzela vlogo dirigentke, saj nekdo mora biti vodja, mar ne? Harmonikar Timotej je s svojo muzikalnostjo podprl vse spremljave, kitarist Leo je soliral v nulo in kar je \u0161e bolj pomembno -tudi nadvse zelo rad soliral, pianist Jakob pa se je podal v ritmi\u010dne vode in z veliko vnemo izdelal barvito tolkalsko mavrico s cajonom-\u0161katlo, tamburinom, pal\u010dkami\u2026in \u0161e \u010dim. Brez njega se accelerando v Hava Nagili sploh ne izpelje ve\u010d!<\/p>\n<p>&nbsp;<\/p>\n<p>Nastopi 15\/16: 15.10.2015 Kulturni dom Izola, 5.10.15 Avditorij Portoro\u017e-Nastop za Koronarno dru\u0161tvo Slovenije, 18.10.2015 Zadru\u017eni dom Korte: nastop ob 20. obletnici Kulturnega dru\u0161tva Korte, 22.10.2015 Koper, dvorana Sv. Fran\u010di\u0161ka, Trg Brolo: Koncert ob obletnici OPZ Izola- US Etnotok in OPZ so izvedli Star of Slane, US Etnotok pa istrsko Ma\u017durko, 4.11.2015 nastop v G\u0160 Koper na sre\u010danju KIP, 10.11.2015 nastop v dvorani G\u0160 Izola, 22.11.2015 Koncert &#8211; Snemanje za Radio Koper, 17.12.15 \u0160olski nastop G\u0160 Izola, 23.12.15 Novoletni nastop za najmlaj\u0161e, 28.12.15 skupni nastop v hotelu Life Class s piranskim Triom harmonik Lastovke, 5.2.2016 dva nastopa za italijansko osnovno \u0161olo, 9.2.2016 Pustni nastop, 23.02.16 Portoro\u017e, Life Class, samostojni koncert US ETNOTOK, 28.2.2016 dobrodelni Son\u010dni koncert za Ines (zbrano 1700\u20ac, zamisel in organizacija Nika Ga\u010dnik), 13.4.2016 Nastop na sre\u010danju u\u010dencev harmonike KIP- US Etnotok, Trio harmonik Lastovke in u\u010denci kolegice Sonje Mezgec so zaigrali v orkestru in izvedli <em>Ai se eu te pego<\/em> v priredbi M. Gvozdenac, 17. 05.2016 2016 v Izoli &#8211; \u0161olski nastop US Etnotok in Lastovke, 24. 05.2016 Zaklju\u010dni nastop US Etnotok z gosti ( Kvartet Magnetni bend, Lastovke, violine solo, solo kitara in dve flavtistki), 30. 5.2016 Zaklju\u010dni koncert G\u0160 Izola, 4. in 5. 6.2016 dva nastopa na Mednarodnem festivalu Izola Otok &#8211; kino otok, 24.6. 2016 Manziolijev trg Izola, nastop za Radio Koper &#8211; Prva in doslej edina Pulitzerjeva nagrada slovenskemu fotografu Slobodanu \u017d.-z Nata\u0161o Ben\u010di\u010d.<\/p>\n<p>Snemanje komorne skupine \u00bbEtnotok\u00ab (M. Gvozdenac) za Radio Koper (22. novembra 2015, Koper).<img loading=\"lazy\" decoding=\"async\" class=\"alignleft size-thumbnail wp-image-3369\" src=\"https:\/\/glasba-zate.eu\/wp-content\/uploads\/2022\/11\/pic-mladi-si-150x150.png\" alt=\"\" width=\"150\" height=\"150\" \/><\/p>\n<p>&nbsp;<\/p>\n<p>&nbsp;<\/p>\n<p>&nbsp;<\/p>\n<p>#<\/p>\n<p>Ustvarjalna skupina Etnotok je na za\u010detku \u0161olskega leta <strong>16\/17<\/strong> igrala na otvoritvi mednarodne razstave <em>Alpe, kot jih vidijo ptice<\/em> v izolski Marini (v okviru Tedna sredozemske obale in makroregionalnih strategij evropske unije) in bila odli\u010dno sprejeta, pohvaljena, o njej so pisali v svojem poro\u010dilu in na Facebooku. Osnovana v \u0161olskem letu 11\/12, zaklju\u010dila je svoje delovanje z zaklju\u010dnima koncertoma 8.5.17 na Otoku otrok in 12. 05. 17 v dvorani G\u0160 Izola. U\u010denka<strong> Sara Ben\u010di\u010d je igrala neprekinjeno vseh \u0161est let<\/strong> in zato bila pohvaljena. \u010clani 16\/17: <strong><em>Sara Ben\u010di\u010d<\/em><\/strong><em> in <strong>Timotej Korenika<\/strong>-harmonike,<strong> Nika Ga\u010dnik<\/strong> in <strong>Ale\u0161 Sla\u010dek<\/strong>-violine, <strong>Leo Maj Kokol<\/strong>-kitara in <strong>Jakob Burdych<\/strong>-tolkala<\/em><\/p>\n<p>Zaklju\u010dni koncert US Etnotok je bil zelo lep in poln ob\u010dutkov ob poslavljanju. Sodelovali so: Magnetni bend G\u0160 Izola, duo Lastovke G\u0160 Piran, duo Alja\u017e Cetin&amp;Mihajlo Mili\u0107evi\u0107, kvartet harmonik G\u0160 Piran (Mihajlo, Iris, Eneya in Alja\u017e), prilo\u017enostni trio Ale\u0161 Sla\u010dek-violina, Alja\u017e Cetin in Mihajlo Mili\u0107evi\u0107- harmoniki. Na koncu so vsi skupaj zaigrali v ansamblu, ki je \u010disto na koncu izvedel makedonsko ljudsko pesem Ivanica. Z njo je bil sklenjen krog, kot radi re\u010demo, saj so nekdanji \u010dlani US Etnotok v \u0161olskem letu 11\/12 zasloveli prav z izvedbo te skladbe.<\/p>\n<p>\u0160est let je dolgo obdobje za odraslega \u010dloveka, kaj \u0161ele za otroke, ki postajajo najstniki. \u0160est let igrati v bendu, v ustvarjalni skupini, imeti pravico do izmi\u0161ljevanja, do uveljavljanja lastnega mnenja, do nastopanja, do sprostitve od te\u017ekega solisti\u010dnega programa, je prekrasno in dobrodo\u0161lo. Viva la musica! \u017divela ustvarjalnost!<\/p>\n<p>U\u010ditelji do\u017eivljamo mini pogre\u0161anja in brez\u010dasne nostalgije, ko glasben\u010di\u010di pti\u010di zapustijo gnezdo. Obenem smo veseli in z radostjo spremljamo nadaljne poti. <strong>Sre\u010dno vsem!<\/strong><\/p>\n<p><em>Mirjana Gvozdenac, u\u010diteljica harmonike in komorne igre<\/em><\/p>\n","protected":false},"excerpt":{"rendered":"<p>Etnotok &#8211;\u00a0Ustvarjalna skupina G\u0160 Izola &nbsp; V \u0161olskem letu 11\/12 se je oblikovala Ustvarjalna skupina Etnotok (US Etnotok), ki je nato delovala do leta 2017 in izvajala prete\u017eno ljudsko glasbo&hellip;<\/p>\n","protected":false},"author":1,"featured_media":0,"parent":1531,"menu_order":0,"comment_status":"open","ping_status":"closed","template":"","meta":{"footnotes":""},"class_list":["post-634","page","type-page","status-publish","hentry"],"_links":{"self":[{"href":"https:\/\/glasba-zate.eu\/index.php?rest_route=\/wp\/v2\/pages\/634","targetHints":{"allow":["GET"]}}],"collection":[{"href":"https:\/\/glasba-zate.eu\/index.php?rest_route=\/wp\/v2\/pages"}],"about":[{"href":"https:\/\/glasba-zate.eu\/index.php?rest_route=\/wp\/v2\/types\/page"}],"author":[{"embeddable":true,"href":"https:\/\/glasba-zate.eu\/index.php?rest_route=\/wp\/v2\/users\/1"}],"replies":[{"embeddable":true,"href":"https:\/\/glasba-zate.eu\/index.php?rest_route=%2Fwp%2Fv2%2Fcomments&post=634"}],"version-history":[{"count":4,"href":"https:\/\/glasba-zate.eu\/index.php?rest_route=\/wp\/v2\/pages\/634\/revisions"}],"predecessor-version":[{"id":3371,"href":"https:\/\/glasba-zate.eu\/index.php?rest_route=\/wp\/v2\/pages\/634\/revisions\/3371"}],"up":[{"embeddable":true,"href":"https:\/\/glasba-zate.eu\/index.php?rest_route=\/wp\/v2\/pages\/1531"}],"wp:attachment":[{"href":"https:\/\/glasba-zate.eu\/index.php?rest_route=%2Fwp%2Fv2%2Fmedia&parent=634"}],"curies":[{"name":"wp","href":"https:\/\/api.w.org\/{rel}","templated":true}]}}