{"id":3948,"date":"2023-12-22T07:15:32","date_gmt":"2023-12-22T06:15:32","guid":{"rendered":"https:\/\/glasba-zate.eu\/?page_id=3948"},"modified":"2024-05-16T11:28:27","modified_gmt":"2024-05-16T09:28:27","slug":"ucbenik-za-2-r-harmonike-z-melodijskimi-basi","status":"publish","type":"page","link":"https:\/\/glasba-zate.eu\/?page_id=3948","title":{"rendered":"Knjiga za 2. r. gumbne harmonike"},"content":{"rendered":"<p><strong>Druge gumbolov\u0161\u010dine so prave pustolov\u0161\u010dine<\/strong> je u\u010dbenik za drugi razred gumbne harmoniki z melodijskimi basi. Avtorica \u010dudovitih ilustracij je Nada Dellore, slikarka iz Izole. <a href=\"https:\/\/www.galarna.si\/druge-gumbolovscine-so-prave-pustolovscine\">Najdete ga v GALARNI.<\/a><\/p>\n","protected":false},"excerpt":{"rendered":"<p>Druge gumbolov\u0161\u010dine so prave pustolov\u0161\u010dine je u\u010dbenik za drugi razred gumbne harmoniki z melodijskimi basi. Avtorica \u010dudovitih ilustracij je Nada Dellore, slikarka iz Izole. Najdete ga v GALARNI.<\/p>\n","protected":false},"author":1,"featured_media":4040,"parent":3935,"menu_order":0,"comment_status":"closed","ping_status":"closed","template":"","meta":{"footnotes":""},"class_list":["post-3948","page","type-page","status-publish","has-post-thumbnail","hentry"],"_links":{"self":[{"href":"https:\/\/glasba-zate.eu\/index.php?rest_route=\/wp\/v2\/pages\/3948","targetHints":{"allow":["GET"]}}],"collection":[{"href":"https:\/\/glasba-zate.eu\/index.php?rest_route=\/wp\/v2\/pages"}],"about":[{"href":"https:\/\/glasba-zate.eu\/index.php?rest_route=\/wp\/v2\/types\/page"}],"author":[{"embeddable":true,"href":"https:\/\/glasba-zate.eu\/index.php?rest_route=\/wp\/v2\/users\/1"}],"replies":[{"embeddable":true,"href":"https:\/\/glasba-zate.eu\/index.php?rest_route=%2Fwp%2Fv2%2Fcomments&post=3948"}],"version-history":[{"count":5,"href":"https:\/\/glasba-zate.eu\/index.php?rest_route=\/wp\/v2\/pages\/3948\/revisions"}],"predecessor-version":[{"id":4173,"href":"https:\/\/glasba-zate.eu\/index.php?rest_route=\/wp\/v2\/pages\/3948\/revisions\/4173"}],"up":[{"embeddable":true,"href":"https:\/\/glasba-zate.eu\/index.php?rest_route=\/wp\/v2\/pages\/3935"}],"wp:featuredmedia":[{"embeddable":true,"href":"https:\/\/glasba-zate.eu\/index.php?rest_route=\/wp\/v2\/media\/4040"}],"wp:attachment":[{"href":"https:\/\/glasba-zate.eu\/index.php?rest_route=%2Fwp%2Fv2%2Fmedia&parent=3948"}],"curies":[{"name":"wp","href":"https:\/\/api.w.org\/{rel}","templated":true}]}}