{"id":3158,"date":"2020-08-23T17:31:20","date_gmt":"2020-08-23T15:31:20","guid":{"rendered":"http:\/\/glasba-zate.eu\/?page_id=3158"},"modified":"2023-12-22T06:17:02","modified_gmt":"2023-12-22T05:17:02","slug":"notografija","status":"publish","type":"page","link":"https:\/\/glasba-zate.eu\/?page_id=3158","title":{"rendered":"NOTOGRAFIJA Ritger\u00f0 Notography \u039d\u03bf\u03c4\u03bf\u03b3\u03c1\u03b1\u03c6\u03af\u03b1"},"content":{"rendered":"<p>\u010ce potrebuje\u0161, da ti prepi\u0161em note iz rokopisa v pdf, pi\u0161i mi:<\/p>\n<pre class=\"tw-data-text tw-text-large tw-ta\" dir=\"ltr\" data-placeholder=\"Translation\"><span class=\"Y2IQFc\" lang=\"en\">If you need me to transcribe the notes from the manuscript into pdf format, write to me:\r\n<\/span><\/pre>\n<pre class=\"tw-data-text tw-text-large tw-ta\" dir=\"ltr\" data-placeholder=\"Translation\"><span class=\"Y2IQFc\" lang=\"it\">Se hai bisogno che trascriva le note del manoscritto in formato pdf, scrivimi:\r\n<\/span><\/pre>\n<pre id=\"tw-target-text\" class=\"tw-data-text tw-text-large tw-ta\" dir=\"ltr\" data-placeholder=\"Translation\"><span class=\"Y2IQFc\" lang=\"is\">Ef \u00fe\u00fa \u00fearft \u00e1 m\u00e9r a\u00f0 halda til a\u00f0 afrita gl\u00f3surnar \u00far handritinu \u00e1 pdf formi, skrifa\u00f0u m\u00e9r \u00fe\u00e1:<\/span><\/pre>\n<pre id=\"tw-target-text\" class=\"tw-data-text tw-text-large tw-ta\" dir=\"ltr\" data-placeholder=\"Translation\"><span class=\"Y2IQFc\" lang=\"it\">\u00a0<\/span><\/pre>\n<pre id=\"tw-target-text\" class=\"tw-data-text tw-text-large tw-ta\" dir=\"ltr\" data-placeholder=\"Translation\"><span class=\"Y2IQFc\" lang=\"en\">\u00a0<\/span><\/pre>\n<p>mirjana@glasba-zate.eu<\/p>\n<p>&nbsp;<\/p>\n","protected":false},"excerpt":{"rendered":"<p>\u010ce potrebuje\u0161, da ti prepi\u0161em note iz rokopisa v pdf, pi\u0161i mi: If you need me to transcribe the notes from the manuscript into pdf format, write to me: Se&hellip;<\/p>\n","protected":false},"author":1,"featured_media":3631,"parent":0,"menu_order":0,"comment_status":"closed","ping_status":"closed","template":"","meta":{"footnotes":""},"class_list":["post-3158","page","type-page","status-publish","has-post-thumbnail","hentry"],"_links":{"self":[{"href":"https:\/\/glasba-zate.eu\/index.php?rest_route=\/wp\/v2\/pages\/3158","targetHints":{"allow":["GET"]}}],"collection":[{"href":"https:\/\/glasba-zate.eu\/index.php?rest_route=\/wp\/v2\/pages"}],"about":[{"href":"https:\/\/glasba-zate.eu\/index.php?rest_route=\/wp\/v2\/types\/page"}],"author":[{"embeddable":true,"href":"https:\/\/glasba-zate.eu\/index.php?rest_route=\/wp\/v2\/users\/1"}],"replies":[{"embeddable":true,"href":"https:\/\/glasba-zate.eu\/index.php?rest_route=%2Fwp%2Fv2%2Fcomments&post=3158"}],"version-history":[{"count":6,"href":"https:\/\/glasba-zate.eu\/index.php?rest_route=\/wp\/v2\/pages\/3158\/revisions"}],"predecessor-version":[{"id":3856,"href":"https:\/\/glasba-zate.eu\/index.php?rest_route=\/wp\/v2\/pages\/3158\/revisions\/3856"}],"wp:featuredmedia":[{"embeddable":true,"href":"https:\/\/glasba-zate.eu\/index.php?rest_route=\/wp\/v2\/media\/3631"}],"wp:attachment":[{"href":"https:\/\/glasba-zate.eu\/index.php?rest_route=%2Fwp%2Fv2%2Fmedia&parent=3158"}],"curies":[{"name":"wp","href":"https:\/\/api.w.org\/{rel}","templated":true}]}}