{"id":22,"date":"2012-08-23T23:08:03","date_gmt":"2012-08-23T21:08:03","guid":{"rendered":"http:\/\/glasba-zate.eu\/?page_id=22"},"modified":"2025-08-03T15:36:24","modified_gmt":"2025-08-03T13:36:24","slug":"domov","status":"publish","type":"page","link":"https:\/\/glasba-zate.eu\/?page_id=22","title":{"rendered":"O avtorici\/About Author"},"content":{"rendered":"<p><strong><span style=\"color: #993366;\"><em>Glasba zate<\/em><\/span> je del\u010dek mojega sveta glasbe, ki ti ga podarjam.<\/strong><\/p>\r\n<p><span style=\"color: #993366;\">\u00a0 \u00a0 \u00a0 \u00a0 \u00a0 \u00a0 \u00a0 \u00a0 \u00a0 \u00a0 \u00a0 \u00a0 \u00a0 \u00a0 \u00a0 \u00a0Muzika za tebe<\/span>\u00a0<em>je deli\u0107 mog sveta muzike koji ti poklanjam.<\/em><\/p>\r\n<p><a href=\"https:\/\/glasba-zate.eu\/wp-content\/uploads\/2012\/08\/DSC6172-leva-polovica.jpg\"><img loading=\"lazy\" decoding=\"async\" class=\"size-thumbnail wp-image-433 \" title=\"avtorica bloga\" src=\"https:\/\/glasba-zate.eu\/wp-content\/uploads\/2012\/08\/DSC6172-leva-polovica-150x150.jpg\" alt=\"\" width=\"150\" height=\"150\" \/><\/a><\/p>\r\n<p>Mirjana-avtorica spletne strani www.glasba-zate.eu<\/p>\r\n<p>Kontakt: mirjana@glasba-zate.eu<\/p>\r\n<p><!--more--><\/p>\r\n<p><strong>\ud83c\uddf8\ud83c\uddee Sloven\u0161\u010dina:<\/strong><\/p>\r\n<p>Sem Mirjana, u\u010diteljica glasbe, skladateljica, avtorica u\u010dbenikov in mama. Pou\u010dujem harmoniko, pi\u0161em lastne skladbe in ustvarjam z mladimi glasbeniki. Igrala sem v bendu POETRIO, za katerega sem pisala glasbo na izbrano poezijo. Moja glasba je zazvenela tudi v dokumentarcih re\u017eiserke Nade Ray v New Yorku.<\/p>\r\n<p>Izdala sem ve\u010d notnih zbirk za harmoniko, med drugim <em>Ptice<\/em>, <em>Kapitan Lev in nevihtna harmonika<\/em>, ter u\u010dbenika <em>Prve<\/em> in <em>Druge gumbolov\u0161\u010dine<\/em>. Ilustracije, zgodbe in glasba se v mojih knjigah prepletajo.<\/p>\r\n<p>\ud83d\udc49 \ud83d\udd17 Vse povezave najdete tukaj: <a href=\"https:\/\/linktr.ee\/MirjanaGvozdenac\" target=\"_blank\" rel=\"noopener\">https:\/\/linktr.ee\/MirjanaGvozdenac<\/a><\/p>\r\n<p><strong>\ud83c\uddf7\ud83c\uddf8 Srbohrva\u0161\u010dina:<\/strong><\/p>\r\n<p>Ja sam Mirjana \u2013 nastavnica muzike, kompozitorka, autorka ud\u017ebenika i mama. Predajem harmoniku, pi\u0161em sopstvene kompozicije i stvaram sa mladim muzi\u010darima. Svirala sam u bendu POETRIO, za koji sam pisala muziku na izabranu poeziju. Moja muzika se \u010dula i u dokumentarnim filmovima rediteljke Nade Ray u Njujorku.<\/p>\r\n<p>Objavila sam vi\u0161e zbirki nota za harmoniku, uklju\u010duju\u0107i <em>Ptice<\/em>, <em>Kapetan Lav i olujna harmonika <\/em>\u00a0i ud\u017ebenike za 1. i \u00a02. r. harmonike dugmetare sa bariton basovima C-sistem.<\/p>\r\n<p>\ud83d\udc49 \ud83d\udd17 Sve linkove prona\u0107i \u0107ete ovde: <a href=\"https:\/\/linktr.ee\/MirjanaGvozdenac\" target=\"_blank\" rel=\"noopener\">https:\/\/linktr.ee\/MirjanaGvozdenac<\/a><\/p>\r\n<p>&nbsp;<\/p>\r\n<p>\ud83c\uddec\ud83c\udde7 <strong>English:<\/strong><br \/>I&#8217;m Mirjana \u2013 music teacher, composer, author of teaching materials, and a mother. I teach accordion, write my own music, and create with young musicians. I played in the band <em>POETRIO<\/em>, composing songs based on selected poetry. My music was also featured in documentaries by director Nada Ray in New York.<br \/>I\u2019ve published several collections for accordion, including <em>Ptice (Birds)<\/em>, <em>Captain Lion and the Stormy Accordion<\/em>, as well as two method books: <em>First<\/em> and <em>Second Accordion Adventures<\/em> (Label 1 and 2). In my books, illustrations, stories, and music intertwine.<br \/>\ud83d\udc49 \ud83d\udd17 All links here: <a href=\"https:\/\/linktr.ee\/MirjanaGvozdenac\" target=\"_blank\" rel=\"noopener\">https:\/\/linktr.ee\/MirjanaGvozdenac<\/a><\/p>\r\n<p>&nbsp;<\/p>\r\n\r\n<p>&nbsp;<\/p>\r\n","protected":false},"excerpt":{"rendered":"<p>Glasba zate je del\u010dek mojega sveta glasbe, ki ti ga podarjam. \u00a0 \u00a0 \u00a0 \u00a0 \u00a0 \u00a0 \u00a0 \u00a0 \u00a0 \u00a0 \u00a0 \u00a0 \u00a0 \u00a0 \u00a0 \u00a0Muzika za tebe\u00a0je deli\u0107&hellip;<\/p>\n","protected":false},"author":1,"featured_media":0,"parent":0,"menu_order":0,"comment_status":"open","ping_status":"closed","template":"","meta":{"footnotes":""},"class_list":["post-22","page","type-page","status-publish","hentry"],"_links":{"self":[{"href":"https:\/\/glasba-zate.eu\/index.php?rest_route=\/wp\/v2\/pages\/22","targetHints":{"allow":["GET"]}}],"collection":[{"href":"https:\/\/glasba-zate.eu\/index.php?rest_route=\/wp\/v2\/pages"}],"about":[{"href":"https:\/\/glasba-zate.eu\/index.php?rest_route=\/wp\/v2\/types\/page"}],"author":[{"embeddable":true,"href":"https:\/\/glasba-zate.eu\/index.php?rest_route=\/wp\/v2\/users\/1"}],"replies":[{"embeddable":true,"href":"https:\/\/glasba-zate.eu\/index.php?rest_route=%2Fwp%2Fv2%2Fcomments&post=22"}],"version-history":[{"count":32,"href":"https:\/\/glasba-zate.eu\/index.php?rest_route=\/wp\/v2\/pages\/22\/revisions"}],"predecessor-version":[{"id":4301,"href":"https:\/\/glasba-zate.eu\/index.php?rest_route=\/wp\/v2\/pages\/22\/revisions\/4301"}],"wp:attachment":[{"href":"https:\/\/glasba-zate.eu\/index.php?rest_route=%2Fwp%2Fv2%2Fmedia&parent=22"}],"curies":[{"name":"wp","href":"https:\/\/api.w.org\/{rel}","templated":true}]}}